{"id":56,"date":"2019-11-05T09:28:50","date_gmt":"2019-11-05T09:28:50","guid":{"rendered":"http:\/\/pastravarie.ro\/nou\/?page_id=56"},"modified":"2022-01-26T15:33:46","modified_gmt":"2022-01-26T15:33:46","slug":"pastravaria-arcani","status":"publish","type":"page","link":"https:\/\/www.pastravarie.ro\/","title":{"rendered":"Pastravaria Arcani"},"content":{"rendered":"<p>[et_pb_section fb_built=&#8221;1&#8243; next_background_color=&#8221;#ffffff&#8221; admin_label=&#8221;Header&#8221; _builder_version=&#8221;3.29.2&#8243; background_color=&#8221;#34545a&#8221; background_image=&#8221;https:\/\/www.pastravarie.ro\/wp-content\/uploads\/2019\/09\/pastravaria_arcani_sanatesti.jpg&#8221; custom_margin=&#8221;||||false&#8221; custom_padding=&#8221;12vw||12vw||true|false&#8221; bottom_divider_style=&#8221;curve&#8221; bottom_divider_height=&#8221;6vw&#8221; global_colors_info=&#8221;{}&#8221;][et_pb_row _builder_version=&#8221;3.29.2&#8243; background_image=&#8221;http:\/\/pastravarie.ro\/nou\/wp-content\/uploads\/2019\/11\/nutritionist-11.png&#8221; background_size=&#8221;contain&#8221; animation_style=&#8221;zoom&#8221; animation_intensity_zoom=&#8221;10%&#8221; global_colors_info=&#8221;{}&#8221;][et_pb_column type=&#8221;4_4&#8243; _builder_version=&#8221;3.25&#8243; custom_padding=&#8221;|||&#8221; global_colors_info=&#8221;{}&#8221; custom_padding__hover=&#8221;|||&#8221;][et_pb_text content_tablet=&#8221;&#8221; content_phone=&#8221;&#8221; content_last_edited=&#8221;on|desktop&#8221; _builder_version=&#8221;3.29.2&#8243; text_font=&#8221;||||||||&#8221; text_font_size=&#8221;20px&#8221; text_line_height=&#8221;1.4em&#8221; header_font=&#8221;ABeeZee|500||on|||||&#8221; header_font_size=&#8221;17px&#8221; header_letter_spacing=&#8221;5px&#8221; header_line_height=&#8221;1.5em&#8221; header_2_font=&#8221;ABeeZee|||on|||||&#8221; header_2_font_size=&#8221;52px&#8221; header_2_letter_spacing=&#8221;5px&#8221; header_2_line_height=&#8221;1.4em&#8221; text_orientation=&#8221;center&#8221; background_layout=&#8221;dark&#8221; text_font_size_tablet=&#8221;12px&#8221; text_font_size_phone=&#8221;12px&#8221; text_font_size_last_edited=&#8221;on|phone&#8221; header_font_size_tablet=&#8221;&#8221; header_font_size_phone=&#8221;11px&#8221; header_font_size_last_edited=&#8221;on|phone&#8221; header_2_font_tablet=&#8221;&#8221; header_2_font_phone=&#8221;&#8221; header_2_font_last_edited=&#8221;on|desktop&#8221; header_2_font_size_tablet=&#8221;50px&#8221; header_2_font_size_phone=&#8221;26px&#8221; header_2_font_size_last_edited=&#8221;on|phone&#8221; text_text_shadow_style=&#8221;preset1&#8243; header_text_shadow_style=&#8221;preset1&#8243; global_colors_info=&#8221;{}&#8221;]<\/p>\n<h2>P\u0102STR\u0102V\u0102RIA<\/h2>\n<p>ARCANI<\/p>\n<p>&nbsp;<\/p>\n<h1>comercializ\u0103m puiet pastr\u0103v<\/h1>\n<p>[\/et_pb_text][\/et_pb_column][\/et_pb_row][et_pb_row _builder_version=&#8221;3.29.2&#8243; global_colors_info=&#8221;{}&#8221;][et_pb_column type=&#8221;4_4&#8243; _builder_version=&#8221;3.25&#8243; custom_padding=&#8221;|||&#8221; global_colors_info=&#8221;{}&#8221; custom_padding__hover=&#8221;|||&#8221;][et_pb_button button_url=&#8221;#preturi&#8221; button_text=&#8221;Vezi preturi&#8221; button_alignment=&#8221;center&#8221; _builder_version=&#8221;4.14.7&#8243; custom_button=&#8221;on&#8221; button_text_size=&#8221;13px&#8221; button_text_color=&#8221;#ffffff&#8221; button_bg_color=&#8221;#15c39a&#8221; button_border_width=&#8221;0px&#8221; button_border_color=&#8221;rgba(0,0,0,0)&#8221; button_border_radius=&#8221;100px&#8221; button_letter_spacing=&#8221;2px&#8221; button_font=&#8221;Montserrat|500||on|||||&#8221; button_use_icon=&#8221;off&#8221; custom_padding=&#8221;16px|30px|16px|30px|true|true&#8221; box_shadow_style=&#8221;preset1&#8243; box_shadow_vertical=&#8221;10px&#8221; box_shadow_blur=&#8221;20px&#8221; box_shadow_color=&#8221;rgba(21,195,154,0.3)&#8221; button_letter_spacing_hover=&#8221;2px&#8221; global_colors_info=&#8221;{}&#8221; button_text_size__hover_enabled=&#8221;off&#8221; button_one_text_size__hover_enabled=&#8221;off&#8221; button_two_text_size__hover_enabled=&#8221;off&#8221; button_text_color__hover_enabled=&#8221;off&#8221; button_one_text_color__hover_enabled=&#8221;off&#8221; button_two_text_color__hover_enabled=&#8221;off&#8221; button_border_width__hover_enabled=&#8221;off&#8221; button_one_border_width__hover_enabled=&#8221;off&#8221; button_two_border_width__hover_enabled=&#8221;off&#8221; button_border_color__hover_enabled=&#8221;off&#8221; button_one_border_color__hover_enabled=&#8221;off&#8221; button_two_border_color__hover_enabled=&#8221;off&#8221; button_border_radius__hover_enabled=&#8221;off&#8221; button_one_border_radius__hover_enabled=&#8221;off&#8221; button_two_border_radius__hover_enabled=&#8221;off&#8221; button_letter_spacing__hover_enabled=&#8221;on&#8221; button_letter_spacing__hover=&#8221;2px&#8221; button_one_letter_spacing__hover_enabled=&#8221;off&#8221; button_two_letter_spacing__hover_enabled=&#8221;off&#8221; button_bg_color__hover_enabled=&#8221;off&#8221; button_one_bg_color__hover_enabled=&#8221;off&#8221; button_two_bg_color__hover_enabled=&#8221;off&#8221;][\/et_pb_button][\/et_pb_column][\/et_pb_row][\/et_pb_section][et_pb_section fb_built=&#8221;1&#8243; admin_label=&#8221;Features&#8221; _builder_version=&#8221;3.22&#8243; global_colors_info=&#8221;{}&#8221;][et_pb_row column_structure=&#8221;1_2,1_2&#8243; use_custom_gutter=&#8221;on&#8221; gutter_width=&#8221;4&#8243; _builder_version=&#8221;3.29.2&#8243; global_colors_info=&#8221;{}&#8221;][et_pb_column type=&#8221;1_2&#8243; _builder_version=&#8221;3.29.2&#8243; custom_padding=&#8221;|||&#8221; global_colors_info=&#8221;{}&#8221; custom_padding__hover=&#8221;|||&#8221;][et_pb_blurb title=&#8221;Preturi Puiet Pastrav&#8221; module_id=&#8221;#preturi&#8221; _builder_version=&#8221;4.14.7&#8243; custom_margin=&#8221;10px||10px||false|false&#8221; custom_padding=&#8221;10px|10px|10px|10px|false|false&#8221; animation_style=&#8221;fold&#8221; border_radii=&#8221;on|10px|10px|10px|10px&#8221; box_shadow_style=&#8221;preset1&#8243; global_colors_info=&#8221;{}&#8221;]<\/p>\n<p>Puiet curcubeu 5g-7g:\u00a0 72 RON\/Kg<br \/>Puiet curcubeu 10g-15g:\u00a0 50 RON\/Kg<br \/>Puiet curcubeu 15g-20g:\u00a0 45 RON\/Kg<\/p>\n<div class=\"title\">Icre p\u0103str\u0103v consum &#8211;<\/div>\n<p><strong>Se asigura transport la cantitati mari<\/strong><\/p>\n<p>Preturile nu contin TVA, Valoarea TVA este <strong>5%<\/strong><\/p>\n<p>[\/et_pb_blurb][et_pb_blurb title=&#8221;Pastravaria Arcani&#8221; icon_placement=&#8221;left&#8221; image_icon_width_tablet=&#8221;60px&#8221; image_icon_width_phone=&#8221;60px&#8221; image_icon_width_last_edited=&#8221;on|tablet&#8221; _builder_version=&#8221;4.13.0&#8243; header_font=&#8221;Merriweather|700|||||||&#8221; header_line_height=&#8221;1.8em&#8221; body_line_height=&#8221;2em&#8221; background_color=&#8221;#ffffff&#8221; custom_margin=&#8221;10px||10px||false|false&#8221; custom_padding=&#8221;10px|10px|10px|10px|true|true&#8221; animation_style=&#8221;zoom&#8221; animation_intensity_zoom=&#8221;10%&#8221; border_radii=&#8221;on|10px|10px|10px|10px&#8221; box_shadow_style=&#8221;preset1&#8243; box_shadow_color=&#8221;rgba(1,33,92,0.1)&#8221; image_max_width_tablet=&#8221;60px&#8221; image_max_width_phone=&#8221;&#8221; image_max_width_last_edited=&#8221;on|tablet&#8221; global_colors_info=&#8221;{}&#8221;]<\/p>\n<div>\n<p>Situata in comuna\u00a0<strong>Arcani<\/strong>, sat\u00a0<strong>Sanatesti<\/strong>,\u00a0<strong>Pastravaria Arcani<\/strong>\u00a0este plasata pe o insula a raului Jales, de unde se alimenteaza. Pastravaria Arcani are in dotare o\u00a0<strong>casa de incubatie<\/strong>\u00a0(2.500.000 icre) si o suprafata de luciu de apa de 8000 mp si o productie de\u00a0<strong>pastravi de consum<\/strong>\u00a0de 100t anual.<\/p>\n<p>&nbsp;<\/p>\n<\/div>\n<h3 class=\"clr\">Produse si Servicii<\/h3>\n<div>\n<p>Pastravaria Arcani produce\u00a0<strong>puiet de pastrav indigen<\/strong>\u00a0(Salmo trutta fario) pentru popularea raurilor de munte din teritoriu si zonele invecinate; de asemenea\u00a0<strong>puiet pastrav fantanel<\/strong>\u00a0(Salvelinus Fontinalis) si\u00a0<strong>puiet pastrav curcubeu<\/strong>\u00a0(Salmo irideus shastra) pentru popularea pastravariilor atat din judetul Gorj cat si a fermelor piscicole din alte judete<\/p>\n<\/div>\n<p>&nbsp;<\/p>\n<p>[\/et_pb_blurb][et_pb_gallery gallery_ids=&#8221;218,219,220,221,222,223,224,225,226,227,228,229,230,231&#8243; fullwidth=&#8221;on&#8221; dbdb_version=&#8221;3.7.2&#8243; _builder_version=&#8221;3.29.2&#8243; custom_padding=&#8221;10px|10px|10px|10px|false|false&#8221; border_radii=&#8221;on|5px|5px|5px|5px&#8221; box_shadow_style=&#8221;preset1&#8243; global_colors_info=&#8221;{}&#8221;][\/et_pb_gallery][et_pb_button button_url=&#8221;https:\/\/www.pastravarie.ro\/index.php\/contact\/&#8221; url_new_window=&#8221;on&#8221; button_text=&#8221;Contact&#8221; button_alignment=&#8221;center&#8221; _builder_version=&#8221;3.29.2&#8243; custom_button=&#8221;on&#8221; button_text_size=&#8221;13px&#8221; button_text_color=&#8221;#ffffff&#8221; button_bg_color=&#8221;#15c39a&#8221; button_border_width=&#8221;0px&#8221; button_border_color=&#8221;rgba(0,0,0,0)&#8221; button_border_radius=&#8221;100px&#8221; button_letter_spacing=&#8221;2px&#8221; button_font=&#8221;Montserrat|500||on|||||&#8221; button_use_icon=&#8221;off&#8221; custom_padding=&#8221;16px|30px|16px|30px|true|true&#8221; box_shadow_style=&#8221;preset1&#8243; box_shadow_color=&#8221;rgba(21,195,154,0.3)&#8221; button_letter_spacing_hover=&#8221;2px&#8221; locked=&#8221;off&#8221; global_colors_info=&#8221;{}&#8221; button_text_size__hover_enabled=&#8221;off&#8221; button_one_text_size__hover_enabled=&#8221;off&#8221; button_two_text_size__hover_enabled=&#8221;off&#8221; button_text_color__hover_enabled=&#8221;off&#8221; button_one_text_color__hover_enabled=&#8221;off&#8221; button_two_text_color__hover_enabled=&#8221;off&#8221; button_border_width__hover_enabled=&#8221;off&#8221; button_one_border_width__hover_enabled=&#8221;off&#8221; button_two_border_width__hover_enabled=&#8221;off&#8221; button_border_color__hover_enabled=&#8221;off&#8221; button_one_border_color__hover_enabled=&#8221;off&#8221; button_two_border_color__hover_enabled=&#8221;off&#8221; button_border_radius__hover_enabled=&#8221;off&#8221; button_one_border_radius__hover_enabled=&#8221;off&#8221; button_two_border_radius__hover_enabled=&#8221;off&#8221; button_letter_spacing__hover_enabled=&#8221;on&#8221; button_letter_spacing__hover=&#8221;2px&#8221; button_one_letter_spacing__hover_enabled=&#8221;off&#8221; button_two_letter_spacing__hover_enabled=&#8221;off&#8221; button_bg_color__hover_enabled=&#8221;off&#8221; button_one_bg_color__hover_enabled=&#8221;off&#8221; button_two_bg_color__hover_enabled=&#8221;off&#8221;][\/et_pb_button][\/et_pb_column][et_pb_column type=&#8221;1_2&#8243; _builder_version=&#8221;3.25&#8243; custom_padding=&#8221;40px|||&#8221; custom_padding_tablet=&#8221;0px|||&#8221; custom_padding_last_edited=&#8221;off|desktop&#8221; global_colors_info=&#8221;{}&#8221; custom_padding__hover=&#8221;|||&#8221;][et_pb_blurb title=&#8221;Pastravul curcubeu&#8221; url=&#8221;https:\/\/www.pastravarie.ro\/index.php\/puiet-pastrav-curcubeu\/&#8221; url_new_window=&#8221;on&#8221; image=&#8221;https:\/\/www.pastravarie.ro\/wp-content\/uploads\/2019\/12\/pastrav_curcubeu.jpg&#8221; icon_placement_tablet=&#8221;&#8221; icon_placement_phone=&#8221;&#8221; icon_placement_last_edited=&#8221;on|phone&#8221; image_icon_width_tablet=&#8221;60px&#8221; image_icon_width_phone=&#8221;60px&#8221; image_icon_width_last_edited=&#8221;on|tablet&#8221; _builder_version=&#8221;4.13.0&#8243; header_font=&#8221;Merriweather|700|||||||&#8221; header_line_height=&#8221;1.8em&#8221; body_line_height=&#8221;2em&#8221; background_color=&#8221;#ffffff&#8221; image_icon_custom_padding_tablet=&#8221;&#8221; image_icon_custom_padding_phone=&#8221;&#8221; image_icon_custom_padding_last_edited=&#8221;on|phone&#8221; custom_margin=&#8221;10px||10px||false|false&#8221; custom_padding=&#8221;10px|10px|10px|10px|true|true&#8221; animation_style=&#8221;zoom&#8221; animation_intensity_zoom=&#8221;10%&#8221; border_radii=&#8221;on|10px|10px|10px|10px&#8221; border_radii_image=&#8221;on|5px|5px|5px|5px&#8221; border_width_all_image_tablet=&#8221;&#8221; border_width_all_image_phone=&#8221;&#8221; border_width_all_image_last_edited=&#8221;on|phone&#8221; box_shadow_style=&#8221;preset1&#8243; box_shadow_color=&#8221;rgba(1,33,92,0.1)&#8221; box_shadow_style_image=&#8221;preset3&#8243; image_max_width_tablet=&#8221;60px&#8221; image_max_width_phone=&#8221;&#8221; image_max_width_last_edited=&#8221;on|tablet&#8221; global_colors_info=&#8221;{}&#8221;]<\/p>\n<p>Originar din America de Nord si denumit &#8220;pastravul american&#8221; este \u00eencruci\u015fat cu o varietate danez\u0103. Este o specie caracterizata prin dezvoltarea (cre\u015fterea) rapid\u0103, rezisten\u0163a la varia\u0163iile de temperatur\u0103 suport\u00e2nd temperaturi ridicate de p\u00e2n\u0103 la 24 grade C, fiind astfel recomandat pentru cre\u015fterea intensiv\u0103. \u00cen condi\u0163ii optime poate ajunge 300 g \u00een 12 luni.<\/p>\n<p>&nbsp;<\/p>\n<p>[\/et_pb_blurb][et_pb_blurb title=&#8221;Pastravul fant\u00e2nel&#8221; url=&#8221;https:\/\/www.pastravarie.ro\/index.php\/puiet-pastrav-fantanel\/&#8221; url_new_window=&#8221;on&#8221; image=&#8221;https:\/\/www.pastravarie.ro\/wp-content\/uploads\/2019\/12\/pastrav_fantanel.jpg&#8221; image_icon_width_tablet=&#8221;60px&#8221; image_icon_width_phone=&#8221;60px&#8221; image_icon_width_last_edited=&#8221;on|tablet&#8221; _builder_version=&#8221;4.13.0&#8243; header_font=&#8221;Merriweather|700|||||||&#8221; header_line_height=&#8221;1.8em&#8221; body_line_height=&#8221;2em&#8221; background_color=&#8221;#ffffff&#8221; custom_margin=&#8221;10px||10px||false|false&#8221; custom_padding=&#8221;10px|10px|10px|10px|true|true&#8221; animation_style=&#8221;zoom&#8221; animation_intensity_zoom=&#8221;10%&#8221; border_radii=&#8221;on|10px|10px|10px|10px&#8221; border_radii_image=&#8221;on|5px|5px|5px|5px&#8221; box_shadow_style=&#8221;preset1&#8243; box_shadow_color=&#8221;rgba(1,33,92,0.1)&#8221; box_shadow_style_image=&#8221;preset3&#8243; image_max_width_tablet=&#8221;60px&#8221; image_max_width_phone=&#8221;&#8221; image_max_width_last_edited=&#8221;on|tablet&#8221; global_colors_info=&#8221;{}&#8221;]<\/p>\n<p><span>Raspandit in toata Europa, reprezint\u0103 \u00eencruci\u015farea dintre o specie din America de Nord \u015fi o specie din Cehia. Se dezvolt\u0103 bine \u00een zone mai reci cu temperatur\u0103 de p\u00e2n\u0103 la 20 grade C, dar poate cre\u015fte \u015fi la temperaturi mai sc\u0103zute de 2-3 grade C. \u00cen condi\u0163ii optime de dezvoltare poate ajunge la 250g \u00een 12 luni. Are o coloratie deosebit de vie si de frumoasa. Spatele este brun-verzui cu desene mai deschise la nuanta, are numeroase puncte rosii-portocalii.<\/span><\/p>\n<p>&nbsp;<\/p>\n<p>[\/et_pb_blurb][et_pb_blurb title=&#8221;Pastravul indigen&#8221; url=&#8221;https:\/\/www.pastravarie.ro\/index.php\/puiet-pastrav-indigen\/&#8221; url_new_window=&#8221;on&#8221; image=&#8221;https:\/\/www.pastravarie.ro\/wp-content\/uploads\/2019\/12\/pastrav_indigen.jpg&#8221; image_icon_width_tablet=&#8221;60px&#8221; image_icon_width_phone=&#8221;60px&#8221; image_icon_width_last_edited=&#8221;on|tablet&#8221; _builder_version=&#8221;4.13.0&#8243; header_font=&#8221;Merriweather|700|||||||&#8221; header_line_height=&#8221;1.8em&#8221; body_line_height=&#8221;2em&#8221; background_color=&#8221;#ffffff&#8221; custom_margin=&#8221;10px||10px||false|false&#8221; custom_padding=&#8221;10px|10px|10px|10px|true|true&#8221; animation_style=&#8221;zoom&#8221; animation_intensity_zoom=&#8221;10%&#8221; border_radii=&#8221;on|10px|10px|10px|10px&#8221; border_radii_image=&#8221;on|5px|5px|5px|5px&#8221; box_shadow_style=&#8221;preset1&#8243; box_shadow_color=&#8221;rgba(1,33,92,0.1)&#8221; image_max_width_tablet=&#8221;60px&#8221; image_max_width_phone=&#8221;&#8221; image_max_width_last_edited=&#8221;on|tablet&#8221; global_colors_info=&#8221;{}&#8221;]<\/p>\n<p>Denumit de pescari si &#8220;indigenul&#8221;, este cel mai raspandit in raurile din Carpati, comparativ cu ceilalti pastravi, cu lostrita ori lipanul. Este cel mai gustos \u015fi frumos p\u0103str\u0103v, avand nevoie de ape limpezi si reci a caror temperatura sa nu treaca de 17-18 grade, bogate in oxigen . \u00cen condi\u0163ii optime \u00een p\u0103str\u0103v\u0103rii, poate ajunge p\u00e2n\u0103 la 150 g \u00een 12 luni.<\/p>\n<p>&nbsp;<\/p>\n<p>[\/et_pb_blurb][\/et_pb_column][\/et_pb_row][et_pb_row _builder_version=&#8221;4.14.7&#8243; hover_enabled=&#8221;0&#8243; global_colors_info=&#8221;{}&#8221; sticky_enabled=&#8221;0&#8243;][et_pb_column type=&#8221;4_4&#8243; _builder_version=&#8221;3.29.2&#8243; global_colors_info=&#8221;{}&#8221;][dica_divi_carousel item_width_auto=&#8221;on&#8221; transition_duration=&#8221;2000&#8243; centermode=&#8221;on&#8221; loop=&#8221;on&#8221; autoplay=&#8221;on&#8221; hoverpause=&#8221;on&#8221; dot_nav=&#8221;on&#8221; equal_height=&#8221;on&#8221; lazy_loading=&#8221;on&#8221; load_before_transition=&#8221;on&#8221; advanced_effect=&#8221;1&#8243; arrow_position=&#8221;bottom&#8221; arrow_show_hover=&#8221;on&#8221; _builder_version=&#8221;4.14.7&#8243; hover_enabled=&#8221;0&#8243; global_colors_info=&#8221;{}&#8221; sticky_enabled=&#8221;0&#8243;][dica_divi_carouselitem button_url_new_window=&#8221;1&#8243; image=&#8221;https:\/\/www.pastravarie.ro\/wp-content\/uploads\/2019\/11\/14big.jpg&#8221; _builder_version=&#8221;4.14.7&#8243; hover_enabled=&#8221;0&#8243; global_colors_info=&#8221;{}&#8221; sticky_enabled=&#8221;0&#8243;][\/dica_divi_carouselitem][dica_divi_carouselitem button_url_new_window=&#8221;1&#8243; image=&#8221;https:\/\/www.pastravarie.ro\/wp-content\/uploads\/2019\/11\/13big.jpg&#8221; _builder_version=&#8221;3.29.2&#8243; global_colors_info=&#8221;{}&#8221;][\/dica_divi_carouselitem][dica_divi_carouselitem button_url_new_window=&#8221;1&#8243; image=&#8221;https:\/\/www.pastravarie.ro\/wp-content\/uploads\/2019\/11\/12big.jpg&#8221; _builder_version=&#8221;3.29.2&#8243; global_colors_info=&#8221;{}&#8221;][\/dica_divi_carouselitem][dica_divi_carouselitem button_url_new_window=&#8221;1&#8243; image=&#8221;https:\/\/www.pastravarie.ro\/wp-content\/uploads\/2019\/11\/11big.jpg&#8221; _builder_version=&#8221;3.29.2&#8243; global_colors_info=&#8221;{}&#8221;][\/dica_divi_carouselitem][dica_divi_carouselitem button_url_new_window=&#8221;1&#8243; image=&#8221;https:\/\/www.pastravarie.ro\/wp-content\/uploads\/2019\/11\/10big.jpg&#8221; _builder_version=&#8221;3.29.2&#8243; global_colors_info=&#8221;{}&#8221;][\/dica_divi_carouselitem][dica_divi_carouselitem button_url_new_window=&#8221;1&#8243; image=&#8221;https:\/\/www.pastravarie.ro\/wp-content\/uploads\/2019\/11\/9big.jpg&#8221; _builder_version=&#8221;4.14.7&#8243; hover_enabled=&#8221;0&#8243; global_colors_info=&#8221;{}&#8221; sticky_enabled=&#8221;0&#8243;][\/dica_divi_carouselitem][\/dica_divi_carousel][\/et_pb_column][\/et_pb_row][\/et_pb_section]<\/p>\n","protected":false},"excerpt":{"rendered":"<p>P\u0102STR\u0102V\u0102RIA ARCANI &nbsp; comercializ\u0103m puiet pastr\u0103vPuiet curcubeu 5g-7g:\u00a0 72 RON\/KgPuiet curcubeu 10g-15g:\u00a0 50 RON\/KgPuiet curcubeu 15g-20g:\u00a0 45 RON\/Kg Icre p\u0103str\u0103v consum &#8211; Se asigura transport la cantitati mari Preturile nu contin TVA, Valoarea TVA este 5% Situata in comuna\u00a0Arcani, sat\u00a0Sanatesti,\u00a0Pastravaria Arcani\u00a0este plasata pe o insula a raului Jales, de unde se alimenteaza. Pastravaria Arcani are [&hellip;]<\/p>\n","protected":false},"author":1,"featured_media":0,"parent":0,"menu_order":0,"comment_status":"closed","ping_status":"closed","template":"","meta":{"_et_pb_use_builder":"on","_et_pb_old_content":"","_et_gb_content_width":""},"_links":{"self":[{"href":"https:\/\/www.pastravarie.ro\/index.php\/wp-json\/wp\/v2\/pages\/56"}],"collection":[{"href":"https:\/\/www.pastravarie.ro\/index.php\/wp-json\/wp\/v2\/pages"}],"about":[{"href":"https:\/\/www.pastravarie.ro\/index.php\/wp-json\/wp\/v2\/types\/page"}],"author":[{"embeddable":true,"href":"https:\/\/www.pastravarie.ro\/index.php\/wp-json\/wp\/v2\/users\/1"}],"replies":[{"embeddable":true,"href":"https:\/\/www.pastravarie.ro\/index.php\/wp-json\/wp\/v2\/comments?post=56"}],"version-history":[{"count":133,"href":"https:\/\/www.pastravarie.ro\/index.php\/wp-json\/wp\/v2\/pages\/56\/revisions"}],"predecessor-version":[{"id":561,"href":"https:\/\/www.pastravarie.ro\/index.php\/wp-json\/wp\/v2\/pages\/56\/revisions\/561"}],"wp:attachment":[{"href":"https:\/\/www.pastravarie.ro\/index.php\/wp-json\/wp\/v2\/media?parent=56"}],"curies":[{"name":"wp","href":"https:\/\/api.w.org\/{rel}","templated":true}]}}